{"id":2,"date":"2025-12-17T08:47:04","date_gmt":"2025-12-17T08:47:04","guid":{"rendered":"https:\/\/dacefitcoach.rkinformatika.online\/?page_id=2"},"modified":"2025-12-18T08:18:58","modified_gmt":"2025-12-18T08:18:58","slug":"inicio","status":"publish","type":"page","link":"https:\/\/dacefitcoach.com\/en\/","title":{"rendered":"Home"},"content":{"rendered":"<div data-elementor-type=\"wp-page\" data-elementor-id=\"2\" class=\"elementor elementor-2\" data-elementor-post-type=\"page\">\n\t\t\t\t<div class=\"elementor-element elementor-element-63cc9bc e-con-full e-flex e-con e-parent\" data-id=\"63cc9bc\" data-element_type=\"container\" data-e-type=\"container\" data-settings=\"{&quot;background_background&quot;:&quot;classic&quot;}\">\n\t\t\t\t<\/div>\n\t\t<div class=\"elementor-element elementor-element-6584a43 e-flex e-con-boxed e-con e-parent\" data-id=\"6584a43\" data-element_type=\"container\" data-e-type=\"container\">\n\t\t\t\t\t<div class=\"e-con-inner\">\n\t\t\t\t<div class=\"elementor-element elementor-element-3d594e7 elementor-widget elementor-widget-heading\" data-id=\"3d594e7\" data-element_type=\"widget\" data-e-type=\"widget\" data-widget_type=\"heading.default\">\n\t\t\t\t\t<h2 class=\"elementor-heading-title elementor-size-default\">About us<\/h2>\t\t\t\t<\/div>\n\t\t\t\t<div class=\"elementor-element elementor-element-9e80038 elementor-widget elementor-widget-heading\" data-id=\"9e80038\" data-element_type=\"widget\" data-e-type=\"widget\" data-widget_type=\"heading.default\">\n\t\t\t\t\t<h2 class=\"elementor-heading-title elementor-size-default\">Train today so that your future self will thank you for it for the rest of your life!<\/h2>\t\t\t\t<\/div>\n\t\t\t\t<div class=\"elementor-element elementor-element-bed6718 elementor-widget-divider--view-line_icon elementor-view-default elementor-widget-divider--element-align-center elementor-widget elementor-widget-divider\" data-id=\"bed6718\" data-element_type=\"widget\" data-e-type=\"widget\" data-widget_type=\"divider.default\">\n\t\t\t\t\t\t\t<div class=\"elementor-divider\">\n\t\t\t<span class=\"elementor-divider-separator\">\n\t\t\t\t\t\t\t<div class=\"elementor-icon elementor-divider__element\">\n\t\t\t\t\t<svg aria-hidden=\"true\" class=\"e-font-icon-svg e-fas-dumbbell\" viewbox=\"0 0 640 512\" xmlns=\"http:\/\/www.w3.org\/2000\/svg\"><path d=\"M104 96H56c-13.3 0-24 10.7-24 24v104H8c-4.4 0-8 3.6-8 8v48c0 4.4 3.6 8 8 8h24v104c0 13.3 10.7 24 24 24h48c13.3 0 24-10.7 24-24V120c0-13.3-10.7-24-24-24zm528 128h-24V120c0-13.3-10.7-24-24-24h-48c-13.3 0-24 10.7-24 24v272c0 13.3 10.7 24 24 24h48c13.3 0 24-10.7 24-24V288h24c4.4 0 8-3.6 8-8v-48c0-4.4-3.6-8-8-8zM456 32h-48c-13.3 0-24 10.7-24 24v168H256V56c0-13.3-10.7-24-24-24h-48c-13.3 0-24 10.7-24 24v400c0 13.3 10.7 24 24 24h48c13.3 0 24-10.7 24-24V288h128v168c0 13.3 10.7 24 24 24h48c13.3 0 24-10.7 24-24V56c0-13.3-10.7-24-24-24z\"><\/path><\/svg><\/div>\n\t\t\t\t\t\t<\/span>\n\t\t<\/div>\n\t\t\t\t\t\t<\/div>\n\t\t\t\t<div class=\"elementor-element elementor-element-39f8a73 elementor-widget elementor-widget-text-editor\" data-id=\"39f8a73\" data-element_type=\"widget\" data-e-type=\"widget\" data-widget_type=\"text-editor.default\">\n\t\t\t\t\t\t\t\t\t<p data-start=\"536\" data-end=\"861\">I am an NSCA-certified personal trainer with over 5 years of experience in both in-person and online training. I specialize in helping people who are just starting their fitness journey or who have less than a year of training experience.<\/p><p data-start=\"536\" data-end=\"861\">In addition, I have experience guiding post-injury recovery processes, ensuring that my clients follow a program tailored to their specific needs after receiving medical discharge.<\/p><p data-start=\"536\" data-end=\"861\">My approach is based on personalizing workouts to maximize results and encourage a healthy lifestyle.<\/p><p data-start=\"863\" data-end=\"1211\">We offer a wide variety of services tailored to your needs:<\/p>\t\t\t\t\t\t\t\t<\/div>\n\t\t\t\t<div class=\"elementor-element elementor-element-172bec1 elementor-widget-tablet__width-initial elementor-list-item-link-full_width elementor-widget elementor-widget-icon-list\" data-id=\"172bec1\" data-element_type=\"widget\" data-e-type=\"widget\" data-widget_type=\"icon-list.default\">\n\t\t\t\t\t\t\t<ul class=\"elementor-icon-list-items\">\n\t\t\t\t\t\t\t<li class=\"elementor-icon-list-item\">\n\t\t\t\t\t\t\t\t\t\t\t<span class=\"elementor-icon-list-icon\">\n\t\t\t\t\t\t\t<svg aria-hidden=\"true\" class=\"e-font-icon-svg e-fas-dumbbell\" viewbox=\"0 0 640 512\" xmlns=\"http:\/\/www.w3.org\/2000\/svg\"><path d=\"M104 96H56c-13.3 0-24 10.7-24 24v104H8c-4.4 0-8 3.6-8 8v48c0 4.4 3.6 8 8 8h24v104c0 13.3 10.7 24 24 24h48c13.3 0 24-10.7 24-24V120c0-13.3-10.7-24-24-24zm528 128h-24V120c0-13.3-10.7-24-24-24h-48c-13.3 0-24 10.7-24 24v272c0 13.3 10.7 24 24 24h48c13.3 0 24-10.7 24-24V288h24c4.4 0 8-3.6 8-8v-48c0-4.4-3.6-8-8-8zM456 32h-48c-13.3 0-24 10.7-24 24v168H256V56c0-13.3-10.7-24-24-24h-48c-13.3 0-24 10.7-24 24v400c0 13.3 10.7 24 24 24h48c13.3 0 24-10.7 24-24V288h128v168c0 13.3 10.7 24 24 24h48c13.3 0 24-10.7 24-24V56c0-13.3-10.7-24-24-24z\"><\/path><\/svg>\t\t\t\t\t\t<\/span>\n\t\t\t\t\t\t\t\t\t\t<span class=\"elementor-icon-list-text\">Personalized training routine<\/span>\n\t\t\t\t\t\t\t\t\t<\/li>\n\t\t\t\t\t\t\t\t<li class=\"elementor-icon-list-item\">\n\t\t\t\t\t\t\t\t\t\t\t<span class=\"elementor-icon-list-icon\">\n\t\t\t\t\t\t\t<svg aria-hidden=\"true\" class=\"e-font-icon-svg e-fas-dumbbell\" viewbox=\"0 0 640 512\" xmlns=\"http:\/\/www.w3.org\/2000\/svg\"><path d=\"M104 96H56c-13.3 0-24 10.7-24 24v104H8c-4.4 0-8 3.6-8 8v48c0 4.4 3.6 8 8 8h24v104c0 13.3 10.7 24 24 24h48c13.3 0 24-10.7 24-24V120c0-13.3-10.7-24-24-24zm528 128h-24V120c0-13.3-10.7-24-24-24h-48c-13.3 0-24 10.7-24 24v272c0 13.3 10.7 24 24 24h48c13.3 0 24-10.7 24-24V288h24c4.4 0 8-3.6 8-8v-48c0-4.4-3.6-8-8-8zM456 32h-48c-13.3 0-24 10.7-24 24v168H256V56c0-13.3-10.7-24-24-24h-48c-13.3 0-24 10.7-24 24v400c0 13.3 10.7 24 24 24h48c13.3 0 24-10.7 24-24V288h128v168c0 13.3 10.7 24 24 24h48c13.3 0 24-10.7 24-24V56c0-13.3-10.7-24-24-24z\"><\/path><\/svg>\t\t\t\t\t\t<\/span>\n\t\t\t\t\t\t\t\t\t\t<span class=\"elementor-icon-list-text\">Technique and posture correction<\/span>\n\t\t\t\t\t\t\t\t\t<\/li>\n\t\t\t\t\t\t\t\t<li class=\"elementor-icon-list-item\">\n\t\t\t\t\t\t\t\t\t\t\t<span class=\"elementor-icon-list-icon\">\n\t\t\t\t\t\t\t<svg aria-hidden=\"true\" class=\"e-font-icon-svg e-fas-dumbbell\" viewbox=\"0 0 640 512\" xmlns=\"http:\/\/www.w3.org\/2000\/svg\"><path d=\"M104 96H56c-13.3 0-24 10.7-24 24v104H8c-4.4 0-8 3.6-8 8v48c0 4.4 3.6 8 8 8h24v104c0 13.3 10.7 24 24 24h48c13.3 0 24-10.7 24-24V120c0-13.3-10.7-24-24-24zm528 128h-24V120c0-13.3-10.7-24-24-24h-48c-13.3 0-24 10.7-24 24v272c0 13.3 10.7 24 24 24h48c13.3 0 24-10.7 24-24V288h24c4.4 0 8-3.6 8-8v-48c0-4.4-3.6-8-8-8zM456 32h-48c-13.3 0-24 10.7-24 24v168H256V56c0-13.3-10.7-24-24-24h-48c-13.3 0-24 10.7-24 24v400c0 13.3 10.7 24 24 24h48c13.3 0 24-10.7 24-24V288h128v168c0 13.3 10.7 24 24 24h48c13.3 0 24-10.7 24-24V56c0-13.3-10.7-24-24-24z\"><\/path><\/svg>\t\t\t\t\t\t<\/span>\n\t\t\t\t\t\t\t\t\t\t<span class=\"elementor-icon-list-text\">Planning and progression<\/span>\n\t\t\t\t\t\t\t\t\t<\/li>\n\t\t\t\t\t\t\t\t<li class=\"elementor-icon-list-item\">\n\t\t\t\t\t\t\t\t\t\t\t<span class=\"elementor-icon-list-icon\">\n\t\t\t\t\t\t\t<svg aria-hidden=\"true\" class=\"e-font-icon-svg e-fas-dumbbell\" viewbox=\"0 0 640 512\" xmlns=\"http:\/\/www.w3.org\/2000\/svg\"><path d=\"M104 96H56c-13.3 0-24 10.7-24 24v104H8c-4.4 0-8 3.6-8 8v48c0 4.4 3.6 8 8 8h24v104c0 13.3 10.7 24 24 24h48c13.3 0 24-10.7 24-24V120c0-13.3-10.7-24-24-24zm528 128h-24V120c0-13.3-10.7-24-24-24h-48c-13.3 0-24 10.7-24 24v272c0 13.3 10.7 24 24 24h48c13.3 0 24-10.7 24-24V288h24c4.4 0 8-3.6 8-8v-48c0-4.4-3.6-8-8-8zM456 32h-48c-13.3 0-24 10.7-24 24v168H256V56c0-13.3-10.7-24-24-24h-48c-13.3 0-24 10.7-24 24v400c0 13.3 10.7 24 24 24h48c13.3 0 24-10.7 24-24V288h128v168c0 13.3 10.7 24 24 24h48c13.3 0 24-10.7 24-24V56c0-13.3-10.7-24-24-24z\"><\/path><\/svg>\t\t\t\t\t\t<\/span>\n\t\t\t\t\t\t\t\t\t\t<span class=\"elementor-icon-list-text\">Mobility and stretching advice<\/span>\n\t\t\t\t\t\t\t\t\t<\/li>\n\t\t\t\t\t\t\t\t<li class=\"elementor-icon-list-item\">\n\t\t\t\t\t\t\t\t\t\t\t<span class=\"elementor-icon-list-icon\">\n\t\t\t\t\t\t\t<svg aria-hidden=\"true\" class=\"e-font-icon-svg e-fas-dumbbell\" viewbox=\"0 0 640 512\" xmlns=\"http:\/\/www.w3.org\/2000\/svg\"><path d=\"M104 96H56c-13.3 0-24 10.7-24 24v104H8c-4.4 0-8 3.6-8 8v48c0 4.4 3.6 8 8 8h24v104c0 13.3 10.7 24 24 24h48c13.3 0 24-10.7 24-24V120c0-13.3-10.7-24-24-24zm528 128h-24V120c0-13.3-10.7-24-24-24h-48c-13.3 0-24 10.7-24 24v272c0 13.3 10.7 24 24 24h48c13.3 0 24-10.7 24-24V288h24c4.4 0 8-3.6 8-8v-48c0-4.4-3.6-8-8-8zM456 32h-48c-13.3 0-24 10.7-24 24v168H256V56c0-13.3-10.7-24-24-24h-48c-13.3 0-24 10.7-24 24v400c0 13.3 10.7 24 24 24h48c13.3 0 24-10.7 24-24V288h128v168c0 13.3 10.7 24 24 24h48c13.3 0 24-10.7 24-24V56c0-13.3-10.7-24-24-24z\"><\/path><\/svg>\t\t\t\t\t\t<\/span>\n\t\t\t\t\t\t\t\t\t\t<span class=\"elementor-icon-list-text\">Monitoring and motivation<\/span>\n\t\t\t\t\t\t\t\t\t<\/li>\n\t\t\t\t\t\t<\/ul>\n\t\t\t\t\t\t<\/div>\n\t\t\t\t\t<\/div>\n\t\t\t\t<\/div>\n\t\t<div class=\"elementor-element elementor-element-af169e5 e-con-full e-flex e-con e-parent\" data-id=\"af169e5\" data-element_type=\"container\" data-e-type=\"container\">\n\t\t\t\t<div class=\"elementor-element elementor-element-b1a51c4 elementor-arrows-position-inside elementor-pagination-position-outside elementor-widget elementor-widget-image-carousel\" data-id=\"b1a51c4\" data-element_type=\"widget\" data-e-type=\"widget\" data-settings=\"{&quot;slides_to_show&quot;:&quot;5&quot;,&quot;slides_to_show_tablet&quot;:&quot;3&quot;,&quot;navigation&quot;:&quot;both&quot;,&quot;autoplay&quot;:&quot;yes&quot;,&quot;autoplay_speed&quot;:5000,&quot;infinite&quot;:&quot;yes&quot;,&quot;speed&quot;:500}\" data-widget_type=\"image-carousel.default\">\n\t\t\t\t\t\t\t<div class=\"elementor-image-carousel-wrapper swiper\" role=\"region\" aria-roledescription=\"carousel\" aria-label=\"Carrusel de im\u00e1genes\" dir=\"ltr\">\n\t\t\t<div class=\"elementor-image-carousel swiper-wrapper\" aria-live=\"off\">\n\t\t\t\t\t\t\t\t<div class=\"swiper-slide\" role=\"group\" aria-roledescription=\"slide\" aria-label=\"1 de 6\"><a data-elementor-open-lightbox=\"yes\" data-elementor-lightbox-slideshow=\"b1a51c4\" data-elementor-lightbox-title=\"2149267046\" data-e-action-hash=\"#elementor-action%3Aaction%3Dlightbox%26settings%3DeyJpZCI6MTMzLCJ1cmwiOiJodHRwczpcL1wvZGFjZWZpdGNvYWNoLmNvbVwvd3AtY29udGVudFwvdXBsb2Fkc1wvMjAyNVwvMTJcLzIxNDkyNjcwNDYuanBnIiwic2xpZGVzaG93IjoiYjFhNTFjNCJ9\" href=\"https:\/\/dacefitcoach.com\/wp-content\/uploads\/2025\/12\/2149267046.jpg\"><figure class=\"swiper-slide-inner\"><img decoding=\"async\" class=\"swiper-slide-image\" src=\"https:\/\/dacefitcoach.com\/wp-content\/uploads\/elementor\/thumbs\/2149267046-rgalaza43ja45ayjok7neeexd09m6bhqu2v8mk96e8.jpg\" alt=\"2149267046\" \/><\/figure><\/a><\/div><div class=\"swiper-slide\" role=\"group\" aria-roledescription=\"slide\" aria-label=\"2 de 6\"><a data-elementor-open-lightbox=\"yes\" data-elementor-lightbox-slideshow=\"b1a51c4\" data-elementor-lightbox-title=\"2149627087\" data-e-action-hash=\"#elementor-action%3Aaction%3Dlightbox%26settings%3DeyJpZCI6MTM0LCJ1cmwiOiJodHRwczpcL1wvZGFjZWZpdGNvYWNoLmNvbVwvd3AtY29udGVudFwvdXBsb2Fkc1wvMjAyNVwvMTJcLzIxNDk2MjcwODcuanBnIiwic2xpZGVzaG93IjoiYjFhNTFjNCJ9\" href=\"https:\/\/dacefitcoach.com\/wp-content\/uploads\/2025\/12\/2149627087.jpg\"><figure class=\"swiper-slide-inner\"><img decoding=\"async\" class=\"swiper-slide-image\" src=\"https:\/\/dacefitcoach.com\/wp-content\/uploads\/elementor\/thumbs\/2149627087-rgalb3zb1pgjrcrpx48s8v88bxmg8t0eiq4o0y27j4.jpg\" alt=\"2149627087\" \/><\/figure><\/a><\/div><div class=\"swiper-slide\" role=\"group\" aria-roledescription=\"slide\" aria-label=\"3 de 6\"><a data-elementor-open-lightbox=\"yes\" data-elementor-lightbox-slideshow=\"b1a51c4\" data-elementor-lightbox-title=\"2149744688\" data-e-action-hash=\"#elementor-action%3Aaction%3Dlightbox%26settings%3DeyJpZCI6MTM1LCJ1cmwiOiJodHRwczpcL1wvZGFjZWZpdGNvYWNoLmNvbVwvd3AtY29udGVudFwvdXBsb2Fkc1wvMjAyNVwvMTJcLzIxNDk3NDQ2ODguanBnIiwic2xpZGVzaG93IjoiYjFhNTFjNCJ9\" href=\"https:\/\/dacefitcoach.com\/wp-content\/uploads\/2025\/12\/2149744688.jpg\"><figure class=\"swiper-slide-inner\"><img decoding=\"async\" class=\"swiper-slide-image\" src=\"https:\/\/dacefitcoach.com\/wp-content\/uploads\/elementor\/thumbs\/2149744688-rgalb6stm7keq6nmgngnycim438jvwblj434gry10g.jpg\" alt=\"2149744688\" \/><\/figure><\/a><\/div><div class=\"swiper-slide\" role=\"group\" aria-roledescription=\"slide\" aria-label=\"4 de 6\"><a data-elementor-open-lightbox=\"yes\" data-elementor-lightbox-slideshow=\"b1a51c4\" data-elementor-lightbox-title=\"21383\" data-e-action-hash=\"#elementor-action%3Aaction%3Dlightbox%26settings%3DeyJpZCI6MTM2LCJ1cmwiOiJodHRwczpcL1wvZGFjZWZpdGNvYWNoLmNvbVwvd3AtY29udGVudFwvdXBsb2Fkc1wvMjAyNVwvMTJcLzIxMzgzLmpwZyIsInNsaWRlc2hvdyI6ImIxYTUxYzQifQ%3D%3D\" href=\"https:\/\/dacefitcoach.com\/wp-content\/uploads\/2025\/12\/21383.jpg\"><figure class=\"swiper-slide-inner\"><img decoding=\"async\" class=\"swiper-slide-image\" src=\"https:\/\/dacefitcoach.com\/wp-content\/uploads\/elementor\/thumbs\/21383-rgalb9mc6po9p0jj06ojntszw8unizmsji1kwltuhs.jpg\" alt=\"21383\" \/><\/figure><\/a><\/div><div class=\"swiper-slide\" role=\"group\" aria-roledescription=\"slide\" aria-label=\"5 de 6\"><a data-elementor-open-lightbox=\"yes\" data-elementor-lightbox-slideshow=\"b1a51c4\" data-elementor-lightbox-title=\"2150289964\" data-e-action-hash=\"#elementor-action%3Aaction%3Dlightbox%26settings%3DeyJpZCI6MTM3LCJ1cmwiOiJodHRwczpcL1wvZGFjZWZpdGNvYWNoLmNvbVwvd3AtY29udGVudFwvdXBsb2Fkc1wvMjAyNVwvMTJcLzIxNTAyODk5NjQuanBnIiwic2xpZGVzaG93IjoiYjFhNTFjNCJ9\" href=\"https:\/\/dacefitcoach.com\/wp-content\/uploads\/2025\/12\/2150289964.jpg\"><figure class=\"swiper-slide-inner\"><img decoding=\"async\" class=\"swiper-slide-image\" src=\"https:\/\/dacefitcoach.com\/wp-content\/uploads\/elementor\/thumbs\/2150289964-rgalbcfur7s4nuffjpwfdb3doegr62xzjw01cfpnz4.jpg\" alt=\"2150289964\" \/><\/figure><\/a><\/div><div class=\"swiper-slide\" role=\"group\" aria-roledescription=\"slide\" aria-label=\"6 de 6\"><a data-elementor-open-lightbox=\"yes\" data-elementor-lightbox-slideshow=\"b1a51c4\" data-elementor-lightbox-title=\"2150290027\" data-e-action-hash=\"#elementor-action%3Aaction%3Dlightbox%26settings%3DeyJpZCI6MTM4LCJ1cmwiOiJodHRwczpcL1wvZGFjZWZpdGNvYWNoLmNvbVwvd3AtY29udGVudFwvdXBsb2Fkc1wvMjAyNVwvMTJcLzIxNTAyOTAwMjcuanBnIiwic2xpZGVzaG93IjoiYjFhNTFjNCJ9\" href=\"https:\/\/dacefitcoach.com\/wp-content\/uploads\/2025\/12\/2150290027.jpg\"><figure class=\"swiper-slide-inner\"><img decoding=\"async\" class=\"swiper-slide-image\" src=\"https:\/\/dacefitcoach.com\/wp-content\/uploads\/elementor\/thumbs\/2150290027-rgalbebj4vupb2cp8qpoiamav67hlh5g85b0azmvmo.jpg\" alt=\"2150290027\" \/><\/figure><\/a><\/div>\t\t\t<\/div>\n\t\t\t\t\t\t\t\t\t\t\t\t<div class=\"elementor-swiper-button elementor-swiper-button-prev\" role=\"button\" tabindex=\"0\">\n\t\t\t\t\t\t<svg aria-hidden=\"true\" class=\"e-font-icon-svg e-eicon-chevron-left\" viewbox=\"0 0 1000 1000\" xmlns=\"http:\/\/www.w3.org\/2000\/svg\"><path d=\"M646 125C629 125 613 133 604 142L308 442C296 454 292 471 292 487 292 504 296 521 308 533L604 854C617 867 629 875 646 875 663 875 679 871 692 858 704 846 713 829 713 812 713 796 708 779 692 767L438 487 692 225C700 217 708 204 708 187 708 171 704 154 692 142 675 129 663 125 646 125Z\"><\/path><\/svg>\t\t\t\t\t<\/div>\n\t\t\t\t\t<div class=\"elementor-swiper-button elementor-swiper-button-next\" role=\"button\" tabindex=\"0\">\n\t\t\t\t\t\t<svg aria-hidden=\"true\" class=\"e-font-icon-svg e-eicon-chevron-right\" viewbox=\"0 0 1000 1000\" xmlns=\"http:\/\/www.w3.org\/2000\/svg\"><path d=\"M696 533C708 521 713 504 713 487 713 471 708 454 696 446L400 146C388 133 375 125 354 125 338 125 325 129 313 142 300 154 292 171 292 187 292 204 296 221 308 233L563 492 304 771C292 783 288 800 288 817 288 833 296 850 308 863 321 871 338 875 354 875 371 875 388 867 400 854L696 533Z\"><\/path><\/svg>\t\t\t\t\t<\/div>\n\t\t\t\t\n\t\t\t\t\t\t\t\t\t<div class=\"swiper-pagination\"><\/div>\n\t\t\t\t\t\t\t\t\t<\/div>\n\t\t\t\t\t\t<\/div>\n\t\t\t\t<\/div>\n\t\t\t\t<\/div>","protected":false},"excerpt":{"rendered":"<p>Sobre nosotros \u00a1Entrena hoy para que tu \u201cyo\u201d de ma\u00f1ana te lo agradezca toda la vida! Soy entrenador personal certificado por la NSCA, con m\u00e1s de 5 a\u00f1os de experiencia en entrenamiento tanto presencial como online. Me especializo en ayudar a personas que est\u00e1n comenzando su camino en el mundo del fitness o que cuentan [&hellip;]<\/p>\n","protected":false},"author":1,"featured_media":0,"parent":0,"menu_order":0,"comment_status":"closed","ping_status":"closed","template":"elementor_canvas","meta":{"footnotes":""},"class_list":["post-2","page","type-page","status-publish","hentry"],"yoast_head":"<!-- This site is optimized with the Yoast SEO plugin v27.3 - https:\/\/yoast.com\/product\/yoast-seo-wordpress\/ -->\n<title>Inicio - DACEFITCOACH<\/title>\n<meta name=\"robots\" content=\"index, follow, max-snippet:-1, max-image-preview:large, max-video-preview:-1\" \/>\n<link rel=\"canonical\" href=\"https:\/\/dacefitcoach.com\/en\/\" \/>\n<meta property=\"og:locale\" content=\"en_GB\" \/>\n<meta property=\"og:type\" content=\"article\" \/>\n<meta property=\"og:title\" content=\"Inicio - DACEFITCOACH\" \/>\n<meta property=\"og:description\" content=\"Sobre nosotros \u00a1Entrena hoy para que tu \u201cyo\u201d de ma\u00f1ana te lo agradezca toda la vida! Soy entrenador personal certificado por la NSCA, con m\u00e1s de 5 a\u00f1os de experiencia en entrenamiento tanto presencial como online. Me especializo en ayudar a personas que est\u00e1n comenzando su camino en el mundo del fitness o que cuentan [&hellip;]\" \/>\n<meta property=\"og:url\" content=\"https:\/\/dacefitcoach.com\/en\/\" \/>\n<meta property=\"og:site_name\" content=\"DACEFITCOACH\" \/>\n<meta property=\"article:modified_time\" content=\"2025-12-18T08:18:58+00:00\" \/>\n<meta property=\"og:image\" content=\"https:\/\/dacefitcoach.com\/wp-content\/uploads\/elementor\/thumbs\/2149267046-rgalaza43ja45ayjok7neeexd09m6bhqu2v8mk96e8.jpg\" \/>\n<meta name=\"twitter:card\" content=\"summary_large_image\" \/>\n<meta name=\"twitter:label1\" content=\"Estimated reading time\" \/>\n\t<meta name=\"twitter:data1\" content=\"4 minutes\" \/>\n<script type=\"application\/ld+json\" class=\"yoast-schema-graph\">{\"@context\":\"https:\\\/\\\/schema.org\",\"@graph\":[{\"@type\":\"WebPage\",\"@id\":\"https:\\\/\\\/dacefitcoach.com\\\/\",\"url\":\"https:\\\/\\\/dacefitcoach.com\\\/\",\"name\":\"Inicio - DACEFITCOACH\",\"isPartOf\":{\"@id\":\"https:\\\/\\\/dacefitcoach.com\\\/#website\"},\"primaryImageOfPage\":{\"@id\":\"https:\\\/\\\/dacefitcoach.com\\\/#primaryimage\"},\"image\":{\"@id\":\"https:\\\/\\\/dacefitcoach.com\\\/#primaryimage\"},\"thumbnailUrl\":\"https:\\\/\\\/dacefitcoach.com\\\/wp-content\\\/uploads\\\/elementor\\\/thumbs\\\/2149267046-rgalaza43ja45ayjok7neeexd09m6bhqu2v8mk96e8.jpg\",\"datePublished\":\"2025-12-17T08:47:04+00:00\",\"dateModified\":\"2025-12-18T08:18:58+00:00\",\"breadcrumb\":{\"@id\":\"https:\\\/\\\/dacefitcoach.com\\\/#breadcrumb\"},\"inLanguage\":\"en-GB\",\"potentialAction\":[{\"@type\":\"ReadAction\",\"target\":[\"https:\\\/\\\/dacefitcoach.com\\\/\"]}]},{\"@type\":\"ImageObject\",\"inLanguage\":\"en-GB\",\"@id\":\"https:\\\/\\\/dacefitcoach.com\\\/#primaryimage\",\"url\":\"https:\\\/\\\/dacefitcoach.com\\\/wp-content\\\/uploads\\\/elementor\\\/thumbs\\\/2149267046-rgalaza43ja45ayjok7neeexd09m6bhqu2v8mk96e8.jpg\",\"contentUrl\":\"https:\\\/\\\/dacefitcoach.com\\\/wp-content\\\/uploads\\\/elementor\\\/thumbs\\\/2149267046-rgalaza43ja45ayjok7neeexd09m6bhqu2v8mk96e8.jpg\"},{\"@type\":\"BreadcrumbList\",\"@id\":\"https:\\\/\\\/dacefitcoach.com\\\/#breadcrumb\",\"itemListElement\":[{\"@type\":\"ListItem\",\"position\":1,\"name\":\"Portada\",\"item\":\"https:\\\/\\\/dacefitcoach.com\\\/\"},{\"@type\":\"ListItem\",\"position\":2,\"name\":\"Inicio\"}]},{\"@type\":\"WebSite\",\"@id\":\"https:\\\/\\\/dacefitcoach.com\\\/#website\",\"url\":\"https:\\\/\\\/dacefitcoach.com\\\/\",\"name\":\"DACEFITCOACH\",\"description\":\"DACEFITCOACH\",\"publisher\":{\"@id\":\"https:\\\/\\\/dacefitcoach.com\\\/#organization\"},\"potentialAction\":[{\"@type\":\"SearchAction\",\"target\":{\"@type\":\"EntryPoint\",\"urlTemplate\":\"https:\\\/\\\/dacefitcoach.com\\\/?s={search_term_string}\"},\"query-input\":{\"@type\":\"PropertyValueSpecification\",\"valueRequired\":true,\"valueName\":\"search_term_string\"}}],\"inLanguage\":\"en-GB\"},{\"@type\":\"Organization\",\"@id\":\"https:\\\/\\\/dacefitcoach.com\\\/#organization\",\"name\":\"DACEFITCOACH\",\"url\":\"https:\\\/\\\/dacefitcoach.com\\\/\",\"logo\":{\"@type\":\"ImageObject\",\"inLanguage\":\"en-GB\",\"@id\":\"https:\\\/\\\/dacefitcoach.com\\\/#\\\/schema\\\/logo\\\/image\\\/\",\"url\":\"https:\\\/\\\/dacefitcoach.com\\\/wp-content\\\/uploads\\\/2025\\\/12\\\/logo_web2.png\",\"contentUrl\":\"https:\\\/\\\/dacefitcoach.com\\\/wp-content\\\/uploads\\\/2025\\\/12\\\/logo_web2.png\",\"width\":500,\"height\":342,\"caption\":\"DACEFITCOACH\"},\"image\":{\"@id\":\"https:\\\/\\\/dacefitcoach.com\\\/#\\\/schema\\\/logo\\\/image\\\/\"}}]}<\/script>\n<!-- \/ Yoast SEO plugin. -->","yoast_head_json":{"title":"Inicio - DACEFITCOACH","robots":{"index":"index","follow":"follow","max-snippet":"max-snippet:-1","max-image-preview":"max-image-preview:large","max-video-preview":"max-video-preview:-1"},"canonical":"https:\/\/dacefitcoach.com\/en\/","og_locale":"en_GB","og_type":"article","og_title":"Inicio - DACEFITCOACH","og_description":"Sobre nosotros \u00a1Entrena hoy para que tu \u201cyo\u201d de ma\u00f1ana te lo agradezca toda la vida! Soy entrenador personal certificado por la NSCA, con m\u00e1s de 5 a\u00f1os de experiencia en entrenamiento tanto presencial como online. Me especializo en ayudar a personas que est\u00e1n comenzando su camino en el mundo del fitness o que cuentan [&hellip;]","og_url":"https:\/\/dacefitcoach.com\/en\/","og_site_name":"DACEFITCOACH","article_modified_time":"2025-12-18T08:18:58+00:00","og_image":[{"url":"https:\/\/dacefitcoach.com\/wp-content\/uploads\/elementor\/thumbs\/2149267046-rgalaza43ja45ayjok7neeexd09m6bhqu2v8mk96e8.jpg","type":"","width":"","height":""}],"twitter_card":"summary_large_image","twitter_misc":{"Estimated reading time":"4 minutes"},"schema":{"@context":"https:\/\/schema.org","@graph":[{"@type":"WebPage","@id":"https:\/\/dacefitcoach.com\/","url":"https:\/\/dacefitcoach.com\/","name":"Inicio - DACEFITCOACH","isPartOf":{"@id":"https:\/\/dacefitcoach.com\/#website"},"primaryImageOfPage":{"@id":"https:\/\/dacefitcoach.com\/#primaryimage"},"image":{"@id":"https:\/\/dacefitcoach.com\/#primaryimage"},"thumbnailUrl":"https:\/\/dacefitcoach.com\/wp-content\/uploads\/elementor\/thumbs\/2149267046-rgalaza43ja45ayjok7neeexd09m6bhqu2v8mk96e8.jpg","datePublished":"2025-12-17T08:47:04+00:00","dateModified":"2025-12-18T08:18:58+00:00","breadcrumb":{"@id":"https:\/\/dacefitcoach.com\/#breadcrumb"},"inLanguage":"en-GB","potentialAction":[{"@type":"ReadAction","target":["https:\/\/dacefitcoach.com\/"]}]},{"@type":"ImageObject","inLanguage":"en-GB","@id":"https:\/\/dacefitcoach.com\/#primaryimage","url":"https:\/\/dacefitcoach.com\/wp-content\/uploads\/elementor\/thumbs\/2149267046-rgalaza43ja45ayjok7neeexd09m6bhqu2v8mk96e8.jpg","contentUrl":"https:\/\/dacefitcoach.com\/wp-content\/uploads\/elementor\/thumbs\/2149267046-rgalaza43ja45ayjok7neeexd09m6bhqu2v8mk96e8.jpg"},{"@type":"BreadcrumbList","@id":"https:\/\/dacefitcoach.com\/#breadcrumb","itemListElement":[{"@type":"ListItem","position":1,"name":"Portada","item":"https:\/\/dacefitcoach.com\/"},{"@type":"ListItem","position":2,"name":"Inicio"}]},{"@type":"WebSite","@id":"https:\/\/dacefitcoach.com\/#website","url":"https:\/\/dacefitcoach.com\/","name":"DACEFITCOACH","description":"DACEFITCOACH","publisher":{"@id":"https:\/\/dacefitcoach.com\/#organization"},"potentialAction":[{"@type":"SearchAction","target":{"@type":"EntryPoint","urlTemplate":"https:\/\/dacefitcoach.com\/?s={search_term_string}"},"query-input":{"@type":"PropertyValueSpecification","valueRequired":true,"valueName":"search_term_string"}}],"inLanguage":"en-GB"},{"@type":"Organization","@id":"https:\/\/dacefitcoach.com\/#organization","name":"DACEFITCOACH","url":"https:\/\/dacefitcoach.com\/","logo":{"@type":"ImageObject","inLanguage":"en-GB","@id":"https:\/\/dacefitcoach.com\/#\/schema\/logo\/image\/","url":"https:\/\/dacefitcoach.com\/wp-content\/uploads\/2025\/12\/logo_web2.png","contentUrl":"https:\/\/dacefitcoach.com\/wp-content\/uploads\/2025\/12\/logo_web2.png","width":500,"height":342,"caption":"DACEFITCOACH"},"image":{"@id":"https:\/\/dacefitcoach.com\/#\/schema\/logo\/image\/"}}]}},"_links":{"self":[{"href":"https:\/\/dacefitcoach.com\/en\/wp-json\/wp\/v2\/pages\/2","targetHints":{"allow":["GET"]}}],"collection":[{"href":"https:\/\/dacefitcoach.com\/en\/wp-json\/wp\/v2\/pages"}],"about":[{"href":"https:\/\/dacefitcoach.com\/en\/wp-json\/wp\/v2\/types\/page"}],"author":[{"embeddable":true,"href":"https:\/\/dacefitcoach.com\/en\/wp-json\/wp\/v2\/users\/1"}],"replies":[{"embeddable":true,"href":"https:\/\/dacefitcoach.com\/en\/wp-json\/wp\/v2\/comments?post=2"}],"version-history":[{"count":155,"href":"https:\/\/dacefitcoach.com\/en\/wp-json\/wp\/v2\/pages\/2\/revisions"}],"predecessor-version":[{"id":517,"href":"https:\/\/dacefitcoach.com\/en\/wp-json\/wp\/v2\/pages\/2\/revisions\/517"}],"wp:attachment":[{"href":"https:\/\/dacefitcoach.com\/en\/wp-json\/wp\/v2\/media?parent=2"}],"curies":[{"name":"wp","href":"https:\/\/api.w.org\/{rel}","templated":true}]}}